{"id":22,"date":"2024-11-08T15:04:17","date_gmt":"2024-11-08T14:04:17","guid":{"rendered":"https:\/\/www.lichtbund-saar.de\/web\/?page_id=22"},"modified":"2026-04-29T15:37:23","modified_gmt":"2026-04-29T13:37:23","slug":"informationen-fuer-unsere-gaeste","status":"publish","type":"page","link":"https:\/\/www.lichtbund-saar.de\/web\/informationen-fuer-unsere-gaeste\/","title":{"rendered":"Informationen f\u00fcr unsere G\u00e4ste"},"content":{"rendered":"\n<div class=\"wp-block-group alignfull has-accent-background-color has-background has-global-padding is-layout-constrained wp-container-core-group-is-layout-669513ed wp-block-group-is-layout-constrained\" style=\"margin-top:0;margin-bottom:0;padding-top:var(--wp--preset--spacing--50);padding-right:var(--wp--preset--spacing--50);padding-bottom:var(--wp--preset--spacing--50);padding-left:var(--wp--preset--spacing--50)\">\n<div class=\"wp-block-columns alignwide is-layout-flex wp-container-core-columns-is-layout-1da03c2a wp-block-columns-is-layout-flex\">\n<div class=\"wp-block-column is-vertically-aligned-stretch is-layout-flow wp-block-column-is-layout-flow\" style=\"flex-basis:50%\">\n<div class=\"wp-block-group is-vertical is-content-justification-stretch is-layout-flex wp-container-core-group-is-layout-444d5ee8 wp-block-group-is-layout-flex\" style=\"min-height:100%\">\n<p class=\"has-heading-font-family has-x-large-font-size\" style=\"line-height:1.2\">Als Gast das Gel\u00e4nde besuchen<\/p>\n\n\n\n<p>Es gibt mehrere M\u00f6glichkeiten, das FKK Gel\u00e4nde zu besuchen und zu nutzen, z.B. als Tagesgast, als \u00dcbernachtungsgast mit eigenem Wohnwagen \/ Zelt oder im G\u00e4stewohnwagen des Vereins.<\/p>\n\n\n\n<ul class=\"wp-block-list\">\n<li>Jedes Vereinsmitglied erh\u00e4lt einen Schl\u00fcssel und kann jederzeit auf das Gel\u00e4nde<\/li>\n\n\n\n<li>Mitglieder des Dachvereins DFK und INF k\u00f6nnen als Tagesgast jederzeit das Gel\u00e4nde besuchen (Anmeldung erforderlich)<\/li>\n\n\n\n<li>FKK Neulinge d\u00fcrfen 3x das Gel\u00e4nde als Tagesgast besuchen, bevor sie Mitglied im Verein oder Dachverband werden m\u00fcssen (Anmeldung erforderlich)<\/li>\n<\/ul>\n\n\n\n<p><strong>Achtung:<\/strong><br><strong>Bei Anreise w\u00e4hrend der Woche (Montag bis Freitag) ist eine Voranmeldung dringend erforderlich.<\/strong><br><strong>Nur Barzahlung m\u00f6glich ! Keine EC- oder Kreditkartenzahlung oder \u00dcberweisung !<\/strong><\/p>\n\n\n\n<div class=\"wp-block-group has-global-padding is-content-justification-left is-layout-constrained wp-container-core-group-is-layout-9fe8ed88 wp-block-group-is-layout-constrained\">\n<div class=\"wp-block-buttons is-layout-flex wp-block-buttons-is-layout-flex\"><\/div>\n<\/div>\n<\/div>\n<\/div>\n\n\n\n<div class=\"wp-block-column is-vertically-aligned-center is-layout-flow wp-block-column-is-layout-flow\" style=\"flex-basis:50%\">\n<figure class=\"wp-block-image size-large is-style-rounded is-style-rounded--1\"><img loading=\"lazy\" decoding=\"async\" width=\"1024\" height=\"768\" src=\"https:\/\/www.lichtbund-saar.de\/web\/wp-content\/uploads\/2024\/11\/luftbild-webseite-1024x768.jpg\" alt=\"\" class=\"wp-image-23\" style=\"aspect-ratio:3\/4;object-fit:cover\" srcset=\"https:\/\/www.lichtbund-saar.de\/web\/wp-content\/uploads\/2024\/11\/luftbild-webseite-1024x768.jpg 1024w, https:\/\/www.lichtbund-saar.de\/web\/wp-content\/uploads\/2024\/11\/luftbild-webseite-300x225.jpg 300w, https:\/\/www.lichtbund-saar.de\/web\/wp-content\/uploads\/2024\/11\/luftbild-webseite-768x576.jpg 768w, https:\/\/www.lichtbund-saar.de\/web\/wp-content\/uploads\/2024\/11\/luftbild-webseite-1536x1152.jpg 1536w, https:\/\/www.lichtbund-saar.de\/web\/wp-content\/uploads\/2024\/11\/luftbild-webseite.jpg 2016w\" sizes=\"auto, (max-width: 1024px) 100vw, 1024px\" \/><\/figure>\n<\/div>\n<\/div>\n<\/div>\n\n\n\n<p class=\"has-text-align-center has-base-background-color has-background has-large-font-size\"><strong>Preisliste f\u00fcr G\u00e4ste und Besucher<\/strong><\/p>\n\n\n\n<div class=\"wp-block-group alignfull has-base-background-color has-background has-global-padding is-layout-constrained wp-container-core-group-is-layout-2df14bad wp-block-group-is-layout-constrained\" style=\"margin-top:0;margin-bottom:0;padding-top:var(--wp--preset--spacing--10);padding-right:var(--wp--preset--spacing--50);padding-bottom:var(--wp--preset--spacing--10);padding-left:var(--wp--preset--spacing--50)\">\n<div class=\"wp-block-columns alignwide is-layout-flex wp-container-core-columns-is-layout-1da03c2a wp-block-columns-is-layout-flex\">\n<div class=\"wp-block-column is-layout-flow wp-block-column-is-layout-flow\">\n<figure class=\"wp-block-table\"><table class=\"has-fixed-layout\"><tbody><tr><td>Kinder bis 18 Jahre in Begleitung der Eltern<\/td><td>kostenfrei<\/td><\/tr><tr><td>Pro Person ab 18 Jahren<\/td><td>6,00 \u20ac \/ Tag<\/td><\/tr><tr><td>Stellplatz f\u00fcr Wohnwagen\/Wohnmobil\/Zelt<\/td><td>12,00 \u20ac \/ Tag <\/td><\/tr><tr><td>Vereinswohnwagen mieten<\/td><td>35,00 \u20ac \/ Tag inkl. Gastgeb\u00fchr f\u00fcr 2 erwachsene Personen<\/td><\/tr><tr><td>Endreinigung Vereinswohnwagen<\/td><td>15,00 \u20ac<\/td><\/tr><tr><td>Nebenkosten<\/td><td>6,00 \u20ac \/ Tag<\/td><\/tr><tr><td>Strom f\u00fcr Elektrofahrzeuge<\/td><td>Keine Ladem\u00f6glichkeit vor Ort<\/td><\/tr><\/tbody><\/table><\/figure>\n<\/div>\n<\/div>\n<\/div>\n\n\n\n<p><\/p>\n\n\n\n<div class=\"wp-block-group alignfull has-accent-5-background-color has-background has-global-padding is-layout-constrained wp-container-core-group-is-layout-d89aad35 wp-block-group-is-layout-constrained\" style=\"margin-top:0;margin-bottom:0;padding-top:var(--wp--preset--spacing--50);padding-right:var(--wp--preset--spacing--50);padding-bottom:var(--wp--preset--spacing--50);padding-left:var(--wp--preset--spacing--50)\">\n<div class=\"wp-block-columns alignwide is-layout-flex wp-container-core-columns-is-layout-1da03c2a wp-block-columns-is-layout-flex\">\n<div class=\"wp-block-column is-vertically-aligned-center is-layout-flow wp-block-column-is-layout-flow\" style=\"flex-basis:60%\">\n<figure class=\"wp-block-gallery has-nested-images columns-default is-cropped wp-block-gallery-2 is-layout-flex wp-block-gallery-is-layout-flex\">\n<figure class=\"wp-block-image size-large\"><img loading=\"lazy\" decoding=\"async\" width=\"768\" height=\"1024\" data-id=\"34\" src=\"https:\/\/www.lichtbund-saar.de\/web\/wp-content\/uploads\/2024\/11\/07--768x1024.jpg\" alt=\"\" class=\"wp-image-34\" srcset=\"https:\/\/www.lichtbund-saar.de\/web\/wp-content\/uploads\/2024\/11\/07--768x1024.jpg 768w, https:\/\/www.lichtbund-saar.de\/web\/wp-content\/uploads\/2024\/11\/07--225x300.jpg 225w, https:\/\/www.lichtbund-saar.de\/web\/wp-content\/uploads\/2024\/11\/07--1152x1536.jpg 1152w, https:\/\/www.lichtbund-saar.de\/web\/wp-content\/uploads\/2024\/11\/07-.jpg 1200w\" sizes=\"auto, (max-width: 768px) 100vw, 768px\" \/><\/figure>\n\n\n\n<figure class=\"wp-block-image size-large\"><img loading=\"lazy\" decoding=\"async\" width=\"1024\" height=\"768\" data-id=\"33\" src=\"https:\/\/www.lichtbund-saar.de\/web\/wp-content\/uploads\/2024\/11\/03--1024x768.jpg\" alt=\"\" class=\"wp-image-33\" srcset=\"https:\/\/www.lichtbund-saar.de\/web\/wp-content\/uploads\/2024\/11\/03--1024x768.jpg 1024w, https:\/\/www.lichtbund-saar.de\/web\/wp-content\/uploads\/2024\/11\/03--300x225.jpg 300w, https:\/\/www.lichtbund-saar.de\/web\/wp-content\/uploads\/2024\/11\/03--768x576.jpg 768w, https:\/\/www.lichtbund-saar.de\/web\/wp-content\/uploads\/2024\/11\/03--1536x1152.jpg 1536w, https:\/\/www.lichtbund-saar.de\/web\/wp-content\/uploads\/2024\/11\/03--2048x1536.jpg 2048w\" sizes=\"auto, (max-width: 1024px) 100vw, 1024px\" \/><\/figure>\n\n\n\n<figure class=\"wp-block-image size-large\"><img loading=\"lazy\" decoding=\"async\" width=\"1024\" height=\"768\" data-id=\"28\" src=\"https:\/\/www.lichtbund-saar.de\/web\/wp-content\/uploads\/2024\/11\/02--1024x768.jpg\" alt=\"\" class=\"wp-image-28\" srcset=\"https:\/\/www.lichtbund-saar.de\/web\/wp-content\/uploads\/2024\/11\/02--1024x768.jpg 1024w, https:\/\/www.lichtbund-saar.de\/web\/wp-content\/uploads\/2024\/11\/02--300x225.jpg 300w, https:\/\/www.lichtbund-saar.de\/web\/wp-content\/uploads\/2024\/11\/02--768x576.jpg 768w, https:\/\/www.lichtbund-saar.de\/web\/wp-content\/uploads\/2024\/11\/02--1536x1152.jpg 1536w, https:\/\/www.lichtbund-saar.de\/web\/wp-content\/uploads\/2024\/11\/02--2048x1536.jpg 2048w\" sizes=\"auto, (max-width: 1024px) 100vw, 1024px\" \/><\/figure>\n<\/figure>\n<\/div>\n\n\n\n<div class=\"wp-block-column is-layout-flow wp-block-column-is-layout-flow\" style=\"flex-basis:40%\">\n<h2 class=\"wp-block-heading\">G\u00e4stewohnwagen<\/h2>\n\n\n\n<p>Der Verein stellt seinen G\u00e4sten gegen eine geringe Geb\u00fchr einen G\u00e4stewohnwagen zur Miete zur Verf\u00fcgung.<\/p>\n\n\n\n<p>Alle Informationen hierzu finden Sie gesondert unter<br>folgendem Link:<\/p>\n\n\n\n<div class=\"wp-block-buttons is-layout-flex wp-block-buttons-is-layout-flex\">\n<div class=\"wp-block-button\"><a class=\"wp-block-button__link wp-element-button\" href=\"https:\/\/www.lichtbund-saar.de\/web\/gaestewohnwagen\/\">G\u00e4stewohnwagen<\/a><\/div>\n<\/div>\n<\/div>\n<\/div>\n<\/div>\n","protected":false},"excerpt":{"rendered":"<p>Als Gast das Gel\u00e4nde besuchen Es gibt mehrere M\u00f6glichkeiten, das FKK Gel\u00e4nde zu besuchen und zu nutzen, z.B. als Tagesgast, als \u00dcbernachtungsgast mit eigenem Wohnwagen \/ Zelt oder im G\u00e4stewohnwagen des Vereins. Achtung:Bei Anreise w\u00e4hrend der Woche (Montag bis Freitag) ist eine Voranmeldung dringend erforderlich.Nur Barzahlung m\u00f6glich ! Keine EC- oder Kreditkartenzahlung oder \u00dcberweisung ! [&hellip;]<\/p>\n","protected":false},"author":1,"featured_media":0,"parent":0,"menu_order":0,"comment_status":"closed","ping_status":"closed","template":"","meta":{"footnotes":""},"class_list":["post-22","page","type-page","status-publish","hentry"],"_links":{"self":[{"href":"https:\/\/www.lichtbund-saar.de\/web\/wp-json\/wp\/v2\/pages\/22","targetHints":{"allow":["GET"]}}],"collection":[{"href":"https:\/\/www.lichtbund-saar.de\/web\/wp-json\/wp\/v2\/pages"}],"about":[{"href":"https:\/\/www.lichtbund-saar.de\/web\/wp-json\/wp\/v2\/types\/page"}],"author":[{"embeddable":true,"href":"https:\/\/www.lichtbund-saar.de\/web\/wp-json\/wp\/v2\/users\/1"}],"replies":[{"embeddable":true,"href":"https:\/\/www.lichtbund-saar.de\/web\/wp-json\/wp\/v2\/comments?post=22"}],"version-history":[{"count":14,"href":"https:\/\/www.lichtbund-saar.de\/web\/wp-json\/wp\/v2\/pages\/22\/revisions"}],"predecessor-version":[{"id":678,"href":"https:\/\/www.lichtbund-saar.de\/web\/wp-json\/wp\/v2\/pages\/22\/revisions\/678"}],"wp:attachment":[{"href":"https:\/\/www.lichtbund-saar.de\/web\/wp-json\/wp\/v2\/media?parent=22"}],"curies":[{"name":"wp","href":"https:\/\/api.w.org\/{rel}","templated":true}]}}