{"id":41,"date":"2024-11-12T14:50:42","date_gmt":"2024-11-12T13:50:42","guid":{"rendered":"https:\/\/www.lichtbund-saar.de\/web\/?page_id=41"},"modified":"2026-04-27T18:49:17","modified_gmt":"2026-04-27T16:49:17","slug":"termine","status":"publish","type":"page","link":"https:\/\/www.lichtbund-saar.de\/web\/termine\/","title":{"rendered":"Termine"},"content":{"rendered":"\n<div style=\"height:1px\" aria-hidden=\"true\" class=\"wp-block-spacer\"><\/div>\n\n\n\n<figure class=\"wp-block-table is-style-stripes\"><table class=\"has-accent-4-background-color has-background\"><thead><tr><th>Datum<\/th><th>Veranstaltung<\/th><\/tr><\/thead><tbody><tr><td>29. M\u00e4rz 2026<\/td><td>Jahreshauptversammlung<\/td><\/tr><tr><td>01. Mai 2026<\/td><td>Saisoner\u00f6ffnung mit Hissen der Vereinsfahne<\/td><\/tr><tr><td>02.\/03. Mai 2026<\/td><td>26. Hexenturnier (Boule) beim Lichtbund Saar<\/td><\/tr><tr><td>20. Juni 2026<\/td><td>Sonnenwendfeier<\/td><\/tr><tr><td>21. Juni 2026<\/td><td>Vereinsmeisterschaft Boule<\/td><\/tr><tr><td>03. Oktober 2026<\/td><td>Saisonabschlu\u00dffeier<\/td><\/tr><\/tbody><\/table><\/figure>\n\n\n\n<div style=\"height:100px\" aria-hidden=\"true\" class=\"wp-block-spacer\"><\/div>\n\n\n\n<h2 class=\"wp-block-heading\">Arbeitseins\u00e4tze<\/h2>\n\n\n\n<figure class=\"wp-block-table is-style-stripes\"><table class=\"has-accent-4-background-color has-background has-fixed-layout\"><thead><tr><th>Datum<\/th><th>Arbeitseinsatz<\/th><\/tr><\/thead><tbody><tr><td>11. April 2026<\/td><td>Regul\u00e4rer Einsatz<\/td><\/tr><tr><td>25. April 2026<\/td><td>Regul\u00e4rer Einsatz<\/td><\/tr><tr><td>09. Mai 2026<\/td><td>Regul\u00e4rer Einsatz<\/td><\/tr><tr><td>13. Juni 2026<\/td><td>Regul\u00e4rer Einsatz<\/td><\/tr><tr><td>11. Juli 2026<\/td><td>Regul\u00e4rer Einsatz<\/td><\/tr><tr><td>08. August 2026<\/td><td>Regul\u00e4rer Einsatz<\/td><\/tr><tr><td>12. September 2026<\/td><td>Regul\u00e4rer Einsatz<\/td><\/tr><tr><td>10. Oktober 2026<\/td><td>Regul\u00e4rer Einsatz<\/td><\/tr><\/tbody><\/table><\/figure>\n","protected":false},"excerpt":{"rendered":"<p>Datum Veranstaltung 29. M\u00e4rz 2026 Jahreshauptversammlung 01. Mai 2026 Saisoner\u00f6ffnung mit Hissen der Vereinsfahne 02.\/03. Mai 2026 26. Hexenturnier (Boule) beim Lichtbund Saar 20. Juni 2026 Sonnenwendfeier 21. Juni 2026 Vereinsmeisterschaft Boule 03. Oktober 2026 Saisonabschlu\u00dffeier Arbeitseins\u00e4tze Datum Arbeitseinsatz 11. April 2026 Regul\u00e4rer Einsatz 25. April 2026 Regul\u00e4rer Einsatz 09. Mai 2026 Regul\u00e4rer Einsatz 13. [&hellip;]<\/p>\n","protected":false},"author":1,"featured_media":0,"parent":0,"menu_order":0,"comment_status":"closed","ping_status":"closed","template":"","meta":{"footnotes":""},"class_list":["post-41","page","type-page","status-publish","hentry"],"_links":{"self":[{"href":"https:\/\/www.lichtbund-saar.de\/web\/wp-json\/wp\/v2\/pages\/41","targetHints":{"allow":["GET"]}}],"collection":[{"href":"https:\/\/www.lichtbund-saar.de\/web\/wp-json\/wp\/v2\/pages"}],"about":[{"href":"https:\/\/www.lichtbund-saar.de\/web\/wp-json\/wp\/v2\/types\/page"}],"author":[{"embeddable":true,"href":"https:\/\/www.lichtbund-saar.de\/web\/wp-json\/wp\/v2\/users\/1"}],"replies":[{"embeddable":true,"href":"https:\/\/www.lichtbund-saar.de\/web\/wp-json\/wp\/v2\/comments?post=41"}],"version-history":[{"count":5,"href":"https:\/\/www.lichtbund-saar.de\/web\/wp-json\/wp\/v2\/pages\/41\/revisions"}],"predecessor-version":[{"id":662,"href":"https:\/\/www.lichtbund-saar.de\/web\/wp-json\/wp\/v2\/pages\/41\/revisions\/662"}],"wp:attachment":[{"href":"https:\/\/www.lichtbund-saar.de\/web\/wp-json\/wp\/v2\/media?parent=41"}],"curies":[{"name":"wp","href":"https:\/\/api.w.org\/{rel}","templated":true}]}}