{"id":578,"date":"2025-06-10T17:04:07","date_gmt":"2025-06-10T15:04:07","guid":{"rendered":"https:\/\/www.lichtbund-saar.de\/web\/?page_id=578"},"modified":"2025-06-10T17:04:07","modified_gmt":"2025-06-10T15:04:07","slug":"hundeverordnung","status":"publish","type":"page","link":"https:\/\/www.lichtbund-saar.de\/web\/hundeverordnung\/","title":{"rendered":"Hundeverordnung"},"content":{"rendered":"\n<p><strong>Auszug aus der Gel\u00e4ndeordnung \u00a75 \u00fcber das Mitbringen von Hunden und Katzen:<\/strong><\/p>\n\n\n\n<p>\u00a75 Das Mitbringen von Hunden und Katzen ist mit folgenden Einschr\u00e4nkungen nur f\u00fcr Vereinsmitglieder und G\u00e4ste erlaubt.<\/p>\n\n\n\n<ol class=\"wp-block-list\">\n<li>Diese Ordnung gilt f\u00fcr alle Hunde und Katzen. Ausnahmen gelten nur f\u00fcr sogenannte Blindenhunde.<\/li>\n\n\n\n<li>Das Mitbringen des Hundes\/Katze ist vom Vorstand\/Beauftragten vorab zu genehmigen<\/li>\n\n\n\n<li>Hunde, die als \u201egef\u00e4hrliche Hunde\u201c nach \u00a71 Hundeverordnung vom 26.07.00 (Amtsbl_00,1246) \u2013 Polizeiverordnung \u00fcber den Schutz der Bev\u00f6lkerung vor gef\u00e4hrlichen Hunden im Saarland \u2013 gelten, sind nicht erlaubt.<\/li>\n\n\n\n<li>Pro Einheit ist 1 Hund \/ Katze erlaubt.<\/li>\n\n\n\n<li>Ein sozialvertr\u00e4gliches Verhalten des Hundes\/Katze wird vorausgesetzt.<\/li>\n\n\n\n<li>Die Haltung beschr\u00e4nkt sich ausschlie\u00dflich auf den zugewiesenen Stellplatz sowie an einer separaten Tischgarnitur im Au\u00dfenbereich des Vereinsheims. Sie haben keinen Zugang zu den Vereinsr\u00e4umen wie K\u00fcche, Vereinsheim, B\u00fcro, Sanit\u00e4ranlagen, Sauna oder Liegewiese, Weiheranlage oder Kinderspielplatz.<\/li>\n\n\n\n<li>Der Hund\/Katze muss unter st\u00e4ndiger Beaufsichtigung und im direkten Einflussbereich des Halters sein.<\/li>\n\n\n\n<li>Es besteht generelle Leinenpflicht. Dabei darf die L\u00e4nge der Leine 3 m nicht \u00fcberschreiten.<\/li>\n\n\n\n<li>Hunde d\u00fcrfen nur auf den befestigten Wegen innerhalb des Platzes und an der \u201ekurzen\u201c Leine (max 1,5m) ausgef\u00fchrt werden, evtl. Hinterlassenschaften des Hundes sind umgehend zu entfernen. Das \u201eGassigehen\u201c hat au\u00dferhalb des LBS-Gel\u00e4ndes zu erfolgen.<\/li>\n\n\n\n<li>Die Person, die das Tier f\u00fchrt, muss dabei jederzeit in der Lage sein, es zu beherrschen.<\/li>\n\n\n\n<li>Andere Personen d\u00fcrfen durch das Tier nicht gef\u00e4hrdet, gesch\u00e4digt oder bel\u00e4stigt werden.<\/li>\n\n\n\n<li>Die Erlaubnis zur Haltung kann im Einzelfall bei Nichteinhaltung der o.a. Punkte durch den Vorstand entzogen werden.<\/li>\n\n\n\n<li>Den Anweisungen der Beauftragten (Vorstand, Gel\u00e4ndewarte) ist Folge zu leisten.<\/li>\n\n\n\n<li>F\u00fcr das Mitbringen ist ein Beitrag zu zahlen \u2013 siehe Beitragordnung LBS \u2013 Jahresbeitrag Mitglied 50 \u20ac, Tagesbeitrag Gast 5 \u20ac, pro Woche 10 \u20ac.<\/li>\n\n\n\n<li>Der\/Die Halter\/in haftet f\u00fcr eventuelle Sch\u00e4den, die durch die Mitnahme des Hundes\/Katze ihm\/ihr selbst, dem Lichtbund Saar oder Dritten entstehen.<\/li>\n\n\n\n<li>Die Hundeordnung vom 29.08.2020 und Punkt 5 der Gel\u00e4ndeordnung des LBS vom 15.05.2024 wird durch die o.a. Ordnung ersetzt.<\/li>\n<\/ol>\n\n\n\n<p>Der Vorstand Lichtbund Saar, 04.08.2024<\/p>\n","protected":false},"excerpt":{"rendered":"<p>Auszug aus der Gel\u00e4ndeordnung \u00a75 \u00fcber das Mitbringen von Hunden und Katzen: \u00a75 Das Mitbringen von Hunden und Katzen ist mit folgenden Einschr\u00e4nkungen nur f\u00fcr Vereinsmitglieder und G\u00e4ste erlaubt. Der Vorstand Lichtbund Saar, 04.08.2024<\/p>\n","protected":false},"author":1,"featured_media":0,"parent":0,"menu_order":0,"comment_status":"closed","ping_status":"closed","template":"","meta":{"footnotes":""},"class_list":["post-578","page","type-page","status-publish","hentry"],"_links":{"self":[{"href":"https:\/\/www.lichtbund-saar.de\/web\/wp-json\/wp\/v2\/pages\/578","targetHints":{"allow":["GET"]}}],"collection":[{"href":"https:\/\/www.lichtbund-saar.de\/web\/wp-json\/wp\/v2\/pages"}],"about":[{"href":"https:\/\/www.lichtbund-saar.de\/web\/wp-json\/wp\/v2\/types\/page"}],"author":[{"embeddable":true,"href":"https:\/\/www.lichtbund-saar.de\/web\/wp-json\/wp\/v2\/users\/1"}],"replies":[{"embeddable":true,"href":"https:\/\/www.lichtbund-saar.de\/web\/wp-json\/wp\/v2\/comments?post=578"}],"version-history":[{"count":1,"href":"https:\/\/www.lichtbund-saar.de\/web\/wp-json\/wp\/v2\/pages\/578\/revisions"}],"predecessor-version":[{"id":580,"href":"https:\/\/www.lichtbund-saar.de\/web\/wp-json\/wp\/v2\/pages\/578\/revisions\/580"}],"wp:attachment":[{"href":"https:\/\/www.lichtbund-saar.de\/web\/wp-json\/wp\/v2\/media?parent=578"}],"curies":[{"name":"wp","href":"https:\/\/api.w.org\/{rel}","templated":true}]}}