{"id":68,"date":"2024-12-05T14:31:05","date_gmt":"2024-12-05T13:31:05","guid":{"rendered":"https:\/\/www.lichtbund-saar.de\/web\/?page_id=68"},"modified":"2026-04-29T15:35:26","modified_gmt":"2026-04-29T13:35:26","slug":"gaestewohnwagen","status":"publish","type":"page","link":"https:\/\/www.lichtbund-saar.de\/web\/gaestewohnwagen\/","title":{"rendered":"G\u00e4stewohnwagen"},"content":{"rendered":"\n<div class=\"wp-block-group alignfull has-accent-background-color has-background has-global-padding is-layout-constrained wp-container-core-group-is-layout-669513ed wp-block-group-is-layout-constrained\" style=\"margin-top:0;margin-bottom:0;padding-top:var(--wp--preset--spacing--50);padding-right:var(--wp--preset--spacing--50);padding-bottom:var(--wp--preset--spacing--50);padding-left:var(--wp--preset--spacing--50)\">\n<div class=\"wp-block-columns alignwide is-layout-flex wp-container-core-columns-is-layout-1da03c2a wp-block-columns-is-layout-flex\">\n<div class=\"wp-block-column is-vertically-aligned-stretch is-layout-flow wp-block-column-is-layout-flow\" style=\"flex-basis:50%\">\n<div class=\"wp-block-group is-vertical is-content-justification-stretch is-layout-flex wp-container-core-group-is-layout-444d5ee8 wp-block-group-is-layout-flex\" style=\"min-height:100%\">\n<p class=\"has-heading-font-family has-x-large-font-size\" style=\"line-height:1.2\">Der Verein stellt seinen G\u00e4sten einen G\u00e4stewohnwagen zur Verf\u00fcgung.<\/p>\n\n\n\n<figure class=\"wp-block-image size-large\"><img loading=\"lazy\" decoding=\"async\" width=\"1024\" height=\"740\" src=\"https:\/\/www.lichtbund-saar.de\/web\/wp-content\/uploads\/2024\/12\/Gaestewohnwagen-Sommer-2024--1024x740.jpg\" alt=\"\" class=\"wp-image-311\" srcset=\"https:\/\/www.lichtbund-saar.de\/web\/wp-content\/uploads\/2024\/12\/Gaestewohnwagen-Sommer-2024--1024x740.jpg 1024w, https:\/\/www.lichtbund-saar.de\/web\/wp-content\/uploads\/2024\/12\/Gaestewohnwagen-Sommer-2024--300x217.jpg 300w, https:\/\/www.lichtbund-saar.de\/web\/wp-content\/uploads\/2024\/12\/Gaestewohnwagen-Sommer-2024--768x555.jpg 768w, https:\/\/www.lichtbund-saar.de\/web\/wp-content\/uploads\/2024\/12\/Gaestewohnwagen-Sommer-2024--1536x1109.jpg 1536w, https:\/\/www.lichtbund-saar.de\/web\/wp-content\/uploads\/2024\/12\/Gaestewohnwagen-Sommer-2024--2048x1479.jpg 2048w\" sizes=\"auto, (max-width: 1024px) 100vw, 1024px\" \/><\/figure>\n\n\n\n<figure class=\"wp-block-table\"><table class=\"has-fixed-layout\"><tbody><tr><td>Vereinswohnwagen mieten pro Tag inkl. 2 erwachsene Personen<\/td><td>35,00 \u20ac<\/td><\/tr><tr><td>Jede weitere erwachsene Person pro Tag<\/td><td>6,00 \u20ac<\/td><\/tr><tr><td>Vereinswohnwagen Endreinigung<\/td><td>15,00 \u20ac<\/td><\/tr><tr><td>Nebenkosten \/ Tag<\/td><td>6,00 \u20ac<\/td><\/tr><\/tbody><\/table><\/figure>\n\n\n\n<p>Die Abreise hat bis sp\u00e4testens 11 Uhr zu erfolgen.<br>Die Zahlung ist nur gegen Bargeld m\u00f6glich, keine Kartenzahlung.<br>Hunde sind im G\u00e4stewohnwagen nicht erlaubt.<\/p>\n\n\n\n<p>Der Wohnwagen ist mit Kaffeemaschine, Herdplatten und Bettw\u00e4sche ausgestattet. Sie m\u00fcssen lediglich Ihre eigenen Hygieneartikel (z.B. Handtuch) mitbringen.<\/p>\n\n\n\n<div class=\"wp-block-buttons is-content-justification-center is-layout-flex wp-container-core-buttons-is-layout-a89b3969 wp-block-buttons-is-layout-flex\">\n<div class=\"wp-block-button\"><a class=\"wp-block-button__link wp-element-button\" href=\"https:\/\/www.lichtbund-saar.de\/web\/buchung\/\">G\u00e4stewohnwagen jetzt buchen<\/a><\/div>\n<\/div>\n<\/div>\n<\/div>\n\n\n\n<div class=\"wp-block-column is-vertically-aligned-center is-layout-flow wp-block-column-is-layout-flow\" style=\"flex-basis:50%\">\n<figure class=\"wp-block-gallery has-nested-images columns-default is-cropped wp-block-gallery-1 is-layout-flex wp-block-gallery-is-layout-flex\">\n<figure class=\"wp-block-image size-large\"><img loading=\"lazy\" decoding=\"async\" width=\"1024\" height=\"768\" data-id=\"31\" src=\"https:\/\/www.lichtbund-saar.de\/web\/wp-content\/uploads\/2024\/11\/01-1024x768.jpg\" alt=\"\" class=\"wp-image-31\" srcset=\"https:\/\/www.lichtbund-saar.de\/web\/wp-content\/uploads\/2024\/11\/01-1024x768.jpg 1024w, https:\/\/www.lichtbund-saar.de\/web\/wp-content\/uploads\/2024\/11\/01-300x225.jpg 300w, https:\/\/www.lichtbund-saar.de\/web\/wp-content\/uploads\/2024\/11\/01-768x576.jpg 768w, https:\/\/www.lichtbund-saar.de\/web\/wp-content\/uploads\/2024\/11\/01-1536x1152.jpg 1536w, https:\/\/www.lichtbund-saar.de\/web\/wp-content\/uploads\/2024\/11\/01-2048x1536.jpg 2048w\" sizes=\"auto, (max-width: 1024px) 100vw, 1024px\" \/><\/figure>\n\n\n\n<figure class=\"wp-block-image size-large\"><img loading=\"lazy\" decoding=\"async\" width=\"1024\" height=\"768\" data-id=\"30\" src=\"https:\/\/www.lichtbund-saar.de\/web\/wp-content\/uploads\/2024\/11\/04--1024x768.jpg\" alt=\"\" class=\"wp-image-30\" srcset=\"https:\/\/www.lichtbund-saar.de\/web\/wp-content\/uploads\/2024\/11\/04--1024x768.jpg 1024w, https:\/\/www.lichtbund-saar.de\/web\/wp-content\/uploads\/2024\/11\/04--300x225.jpg 300w, https:\/\/www.lichtbund-saar.de\/web\/wp-content\/uploads\/2024\/11\/04--768x576.jpg 768w, https:\/\/www.lichtbund-saar.de\/web\/wp-content\/uploads\/2024\/11\/04--1536x1152.jpg 1536w, https:\/\/www.lichtbund-saar.de\/web\/wp-content\/uploads\/2024\/11\/04--2048x1536.jpg 2048w\" sizes=\"auto, (max-width: 1024px) 100vw, 1024px\" \/><\/figure>\n\n\n\n<figure class=\"wp-block-image size-large\"><img loading=\"lazy\" decoding=\"async\" width=\"1024\" height=\"768\" data-id=\"33\" src=\"https:\/\/www.lichtbund-saar.de\/web\/wp-content\/uploads\/2024\/11\/03--1024x768.jpg\" alt=\"\" class=\"wp-image-33\" srcset=\"https:\/\/www.lichtbund-saar.de\/web\/wp-content\/uploads\/2024\/11\/03--1024x768.jpg 1024w, https:\/\/www.lichtbund-saar.de\/web\/wp-content\/uploads\/2024\/11\/03--300x225.jpg 300w, https:\/\/www.lichtbund-saar.de\/web\/wp-content\/uploads\/2024\/11\/03--768x576.jpg 768w, https:\/\/www.lichtbund-saar.de\/web\/wp-content\/uploads\/2024\/11\/03--1536x1152.jpg 1536w, https:\/\/www.lichtbund-saar.de\/web\/wp-content\/uploads\/2024\/11\/03--2048x1536.jpg 2048w\" sizes=\"auto, (max-width: 1024px) 100vw, 1024px\" \/><\/figure>\n\n\n\n<figure class=\"wp-block-image size-large\"><img loading=\"lazy\" decoding=\"async\" width=\"1024\" height=\"768\" data-id=\"28\" src=\"https:\/\/www.lichtbund-saar.de\/web\/wp-content\/uploads\/2024\/11\/02--1024x768.jpg\" alt=\"\" class=\"wp-image-28\" srcset=\"https:\/\/www.lichtbund-saar.de\/web\/wp-content\/uploads\/2024\/11\/02--1024x768.jpg 1024w, https:\/\/www.lichtbund-saar.de\/web\/wp-content\/uploads\/2024\/11\/02--300x225.jpg 300w, https:\/\/www.lichtbund-saar.de\/web\/wp-content\/uploads\/2024\/11\/02--768x576.jpg 768w, https:\/\/www.lichtbund-saar.de\/web\/wp-content\/uploads\/2024\/11\/02--1536x1152.jpg 1536w, https:\/\/www.lichtbund-saar.de\/web\/wp-content\/uploads\/2024\/11\/02--2048x1536.jpg 2048w\" sizes=\"auto, (max-width: 1024px) 100vw, 1024px\" \/><\/figure>\n<\/figure>\n<\/div>\n<\/div>\n<\/div>\n","protected":false},"excerpt":{"rendered":"<p>Der Verein stellt seinen G\u00e4sten einen G\u00e4stewohnwagen zur Verf\u00fcgung. Vereinswohnwagen mieten pro Tag inkl. 2 erwachsene Personen 35,00 \u20ac Jede weitere erwachsene Person pro Tag 6,00 \u20ac Vereinswohnwagen Endreinigung 15,00 \u20ac Nebenkosten \/ Tag 6,00 \u20ac Die Abreise hat bis sp\u00e4testens 11 Uhr zu erfolgen.Die Zahlung ist nur gegen Bargeld m\u00f6glich, keine Kartenzahlung.Hunde sind im [&hellip;]<\/p>\n","protected":false},"author":1,"featured_media":0,"parent":0,"menu_order":0,"comment_status":"closed","ping_status":"closed","template":"","meta":{"footnotes":""},"class_list":["post-68","page","type-page","status-publish","hentry"],"_links":{"self":[{"href":"https:\/\/www.lichtbund-saar.de\/web\/wp-json\/wp\/v2\/pages\/68","targetHints":{"allow":["GET"]}}],"collection":[{"href":"https:\/\/www.lichtbund-saar.de\/web\/wp-json\/wp\/v2\/pages"}],"about":[{"href":"https:\/\/www.lichtbund-saar.de\/web\/wp-json\/wp\/v2\/types\/page"}],"author":[{"embeddable":true,"href":"https:\/\/www.lichtbund-saar.de\/web\/wp-json\/wp\/v2\/users\/1"}],"replies":[{"embeddable":true,"href":"https:\/\/www.lichtbund-saar.de\/web\/wp-json\/wp\/v2\/comments?post=68"}],"version-history":[{"count":11,"href":"https:\/\/www.lichtbund-saar.de\/web\/wp-json\/wp\/v2\/pages\/68\/revisions"}],"predecessor-version":[{"id":675,"href":"https:\/\/www.lichtbund-saar.de\/web\/wp-json\/wp\/v2\/pages\/68\/revisions\/675"}],"wp:attachment":[{"href":"https:\/\/www.lichtbund-saar.de\/web\/wp-json\/wp\/v2\/media?parent=68"}],"curies":[{"name":"wp","href":"https:\/\/api.w.org\/{rel}","templated":true}]}}